{"id":21,"date":"2026-04-15T00:39:47","date_gmt":"2026-04-15T00:39:47","guid":{"rendered":"http:\/\/portal.corten.org\/?page_id=21"},"modified":"2026-04-15T15:59:14","modified_gmt":"2026-04-15T20:59:14","slug":"quienes-somos","status":"publish","type":"page","link":"https:\/\/portal.corten.org\/?page_id=21","title":{"rendered":"Qui\u00e9nes somos"},"content":{"rendered":"\n<div class=\"wp-block-group alignfull is-layout-flow wp-container-core-group-is-layout-f9cb6abc wp-block-group-is-layout-flow\" style=\"margin-top:0;margin-bottom:0\">\n<div class=\"wp-block-columns alignfull is-not-stacked-on-mobile is-layout-flex wp-container-core-columns-is-layout-e154fb6a wp-block-columns-is-layout-flex\" style=\"margin-top:0;margin-bottom:0;padding-top:var(--wp--preset--spacing--40);padding-right:var(--wp--preset--spacing--40);padding-bottom:var(--wp--preset--spacing--80);padding-left:var(--wp--preset--spacing--40)\">\n<div class=\"wp-block-column is-layout-flow wp-block-column-is-layout-flow\" style=\"flex-basis:66.66%\">\n<div class=\"wp-block-group is-vertical is-content-justification-stretch is-layout-flex wp-container-core-group-is-layout-7e003bba wp-block-group-is-layout-flex\">\n<p class=\"has-x-large-font-size\"><\/p>\n\n\n\n<p><strong>La Corporaci\u00f3n Tercer Entorno \u00abCORTEN\u00bb es una persona jur\u00eddica de derecho privado sin fines de lucro, Se constituye mediante Acuerdo del Ministro de Educaci\u00f3n, No.143 de 30 de marzo de 2006, tiene domicilio en la ciudad de Quito, provincia Pichincha.<\/strong>&nbsp;<\/p>\n\n\n\n<p><strong>Nuestras l\u00edneas de actuaci\u00f3n y nuestro enfoque<\/strong><\/p>\n\n\n\n<p>CORTEN tiene inter\u00e9s por el trabajo en distintos \u00e1mbitos o situaciones:<\/p>\n\n\n\n<ul class=\"wp-block-list\">\n<li>Cambio clim\u00e1tico<\/li>\n\n\n\n<li>Movilidad humana<\/li>\n\n\n\n<li>Educaci\u00f3n y tecnolog\u00edas<\/li>\n\n\n\n<li>Actor\u00eda de ni\u00f1as, ni\u00f1os y adolescentes<\/li>\n<\/ul>\n\n\n\n<p><strong>Nuestro enfoque de trabajo<\/strong><\/p>\n\n\n\n<p class=\"has-text-align-left\">Para abordar estos intereses institucionales, CORTEN se fundamenta en algunos elementos clave que configuran su enfoque de actuaci\u00f3n. Concibe la cultura como una herramienta din\u00e1mica y, a partir de esta visi\u00f3n, se alinea con la Teor\u00eda Cr\u00edtica como marco para analizar la realidad y promover la acci\u00f3n social transformadora; es decir, para crear condiciones sociales y culturales que favorezcan el cambio.<\/p>\n\n\n\n<p class=\"has-text-align-left\">El enfoque anterior se complementa con otro al que CORTEN lo promueve de manera significativa. Se parte del concepto de&nbsp;<strong>actor\u00eda,&nbsp;<\/strong>el mismo que se refiere al proceso mediante el cual los actores establecen una conexi\u00f3n con el contexto o su vida cotidiana. El&nbsp;<strong>recorrido de la actor\u00eda<\/strong>, que no necesariamente sigue una secuencia lineal, comienza con una lectura cr\u00edtica del contexto, es decir, una reflexi\u00f3n profunda sobre los diversos aspectos acordados por los actores para ser analizados. Posteriormente, a partir de esa lectura cr\u00edtica, los actores dise\u00f1an propuestas para mejorar o reforzar los aspectos positivos identificados, o para modificar aquellos que se consideren desfavorables. La actor\u00eda se completa cuando los actores implementan las propuestas dise\u00f1adas, acompa\u00f1adas de su respectivo monitoreo y evaluaci\u00f3n. En el contexto de las actuaciones de CORTEN, se promueve que los actores vinculados a los distintos procesos, programas o proyecto recorran este camino.<\/p>\n\n\n\n<p><strong>Actuaciones institucionales<\/strong><\/p>\n\n\n\n<p>Este enfoque orienta coherentemente las siguientes actuaciones institucionales:<\/p>\n\n\n\n<ul class=\"wp-block-list\">\n<li>Dise\u00f1o e implementaci\u00f3n de propuestas formativas para docentes, orientadas a la creaci\u00f3n de entornos educativos que favorezcan el ejercicio de derechos y promuevan una convivencia que respete la diversidad.<\/li>\n\n\n\n<li>Desarrollo del marco conceptual y metodol\u00f3gico para sistemas de monitoreo, evaluaci\u00f3n y aprendizaje &#8211; MEA, en los cuales la participaci\u00f3n de diversos actores se convierte en un componente fundamental alineado con los principios del enfoque propuesto. El co-dise\u00f1o y co-participaci\u00f3n de las y los actores, en todo el ciclo del MEA, es el eje articulador del mismo.<\/li>\n\n\n\n<li>Creaci\u00f3n de metodolog\u00edas etnogr\u00e1ficas para la realizaci\u00f3n de diagn\u00f3sticos y l\u00edneas de base, as\u00ed como para la evaluaci\u00f3n de procesos, todo ello desde un enfoque de mediaci\u00f3n pedag\u00f3gica y con un enfoque de investigaci\u00f3n-acci\u00f3n participativa centrado en la utilizaci\u00f3n (UFE).<\/li>\n\n\n\n<li>Desarrollo de enfoques, metodolog\u00edas y contenidos para propuestas formativas dirigidas a diversos actores, tanto en modalidad presencial como en Entornos Virtuales de Aprendizaje (EVA) a trav\u00e9s del sistema de gesti\u00f3n de aprendizaje MOODLE.<\/li>\n\n\n\n<li>Elaboraci\u00f3n de materiales educativos para procesos formativos, fundamentados en la mediaci\u00f3n pedag\u00f3gica como un enfoque transversal que promueve la participaci\u00f3n activa y el aprendizaje significativo.<\/li>\n<\/ul>\n\n\n\n<h3 class=\"wp-block-heading\">Misi\u00f3n<\/h3>\n\n\n\n<p>La Misi\u00f3n de CORTEN es generar y fortalecer un movimiento global de construcci\u00f3n y fortalecimiento de procesos sociales transparentes, equitativos y responsables, con el fin de acortar las brechas existentes desde lo local y regional, a trav\u00e9s del desarrollo y promoci\u00f3n de: proyectos, productos, servicios, asesor\u00eda, consultor\u00eda y capacitaci\u00f3n;<\/p>\n\n\n\n<p>que cumplan postulados de solidaridad, democratizaci\u00f3n y participaci\u00f3n, concomitantes a la generaci\u00f3n de Pol\u00edticas P\u00fablicas y Sociales de respeto al entorno, la diversidad cultural, la equidad de g\u00e9nero; y la apropiaci\u00f3n social de las TIC por parte de los distintos actores: organizaciones, movimientos sociales, comunidades de base y redes ciudadanas.<\/p>\n\n\n\n<h3 class=\"wp-block-heading\">Visi\u00f3n<\/h3>\n\n\n\n<p>La Visi\u00f3n de CORTEN se convierte en una organizaci\u00f3n s\u00f3lida, con car\u00e1cter interdisciplinario y con presencia regional y mundial, como referente de transparencia en la construcci\u00f3n de una sociedad del conocimiento: libre, equitativa y autodeterminada, que&nbsp;e liderare procesos de gesti\u00f3n y participaci\u00f3n ciudadana local, nacional y global.<\/p>\n<\/div>\n<\/div>\n\n\n\n<div class=\"wp-block-column is-layout-flow wp-block-column-is-layout-flow\" style=\"flex-basis:12vw\"><\/div>\n\n\n\n<div class=\"wp-block-column is-layout-flow wp-block-column-is-layout-flow\">\n<div class=\"wp-block-group is-content-justification-right is-nowrap is-layout-flex wp-container-core-group-is-layout-17124a9a wp-block-group-is-layout-flex\">\n<p class=\"has-text-align-left\" style=\"line-height:0.6;text-transform:uppercase;writing-mode:vertical-rl\">Free Workshop<\/p>\n<\/div>\n<\/div>\n<\/div>\n\n\n\n<div class=\"wp-block-columns alignfull is-style-section-2 is-layout-flex wp-container-core-columns-is-layout-d9884270 wp-block-columns-is-layout-flex\" style=\"padding-top:0;padding-bottom:0\">\n<div class=\"wp-block-column is-layout-flow wp-block-column-is-layout-flow\" style=\"flex-basis:50%\"><\/div>\n\n\n\n<div class=\"wp-block-column is-layout-flow wp-block-column-is-layout-flow\" style=\"flex-basis:50%\"><\/div>\n<\/div>\n<\/div>\n\n\n\n<p><\/p>\n","protected":false},"excerpt":{"rendered":"<p>La Corporaci\u00f3n Tercer Entorno \u00abCORTEN\u00bb es una persona jur\u00eddica de derecho privado sin fines de lucro, Se constituye mediante Acuerdo [&hellip;]<\/p>\n","protected":false},"author":1,"featured_media":0,"parent":0,"menu_order":0,"comment_status":"closed","ping_status":"closed","template":"","meta":{"site-sidebar-layout":"default","site-content-layout":"","ast-site-content-layout":"default","site-content-style":"default","site-sidebar-style":"default","ast-global-header-display":"","ast-banner-title-visibility":"","ast-main-header-display":"","ast-hfb-above-header-display":"","ast-hfb-below-header-display":"","ast-hfb-mobile-header-display":"","site-post-title":"","ast-breadcrumbs-content":"","ast-featured-img":"","footer-sml-layout":"","ast-disable-related-posts":"","theme-transparent-header-meta":"","adv-header-id-meta":"","stick-header-meta":"","header-above-stick-meta":"","header-main-stick-meta":"","header-below-stick-meta":"","astra-migrate-meta-layouts":"default","ast-page-background-enabled":"default","ast-page-background-meta":{"desktop":{"background-color":"var(--ast-global-color-5)","background-image":"","background-repeat":"repeat","background-position":"center center","background-size":"auto","background-attachment":"scroll","background-type":"","background-media":"","overlay-type":"","overlay-color":"","overlay-opacity":"","overlay-gradient":""},"tablet":{"background-color":"","background-image":"","background-repeat":"repeat","background-position":"center center","background-size":"auto","background-attachment":"scroll","background-type":"","background-media":"","overlay-type":"","overlay-color":"","overlay-opacity":"","overlay-gradient":""},"mobile":{"background-color":"","background-image":"","background-repeat":"repeat","background-position":"center center","background-size":"auto","background-attachment":"scroll","background-type":"","background-media":"","overlay-type":"","overlay-color":"","overlay-opacity":"","overlay-gradient":""}},"ast-content-background-meta":{"desktop":{"background-color":"var(--ast-global-color-4)","background-image":"","background-repeat":"repeat","background-position":"center center","background-size":"auto","background-attachment":"scroll","background-type":"","background-media":"","overlay-type":"","overlay-color":"","overlay-opacity":"","overlay-gradient":""},"tablet":{"background-color":"var(--ast-global-color-4)","background-image":"","background-repeat":"repeat","background-position":"center center","background-size":"auto","background-attachment":"scroll","background-type":"","background-media":"","overlay-type":"","overlay-color":"","overlay-opacity":"","overlay-gradient":""},"mobile":{"background-color":"var(--ast-global-color-4)","background-image":"","background-repeat":"repeat","background-position":"center center","background-size":"auto","background-attachment":"scroll","background-type":"","background-media":"","overlay-type":"","overlay-color":"","overlay-opacity":"","overlay-gradient":""}},"footnotes":""},"class_list":["post-21","page","type-page","status-publish","hentry"],"_links":{"self":[{"href":"https:\/\/portal.corten.org\/index.php?rest_route=\/wp\/v2\/pages\/21","targetHints":{"allow":["GET"]}}],"collection":[{"href":"https:\/\/portal.corten.org\/index.php?rest_route=\/wp\/v2\/pages"}],"about":[{"href":"https:\/\/portal.corten.org\/index.php?rest_route=\/wp\/v2\/types\/page"}],"author":[{"embeddable":true,"href":"https:\/\/portal.corten.org\/index.php?rest_route=\/wp\/v2\/users\/1"}],"replies":[{"embeddable":true,"href":"https:\/\/portal.corten.org\/index.php?rest_route=%2Fwp%2Fv2%2Fcomments&post=21"}],"version-history":[{"count":7,"href":"https:\/\/portal.corten.org\/index.php?rest_route=\/wp\/v2\/pages\/21\/revisions"}],"predecessor-version":[{"id":52,"href":"https:\/\/portal.corten.org\/index.php?rest_route=\/wp\/v2\/pages\/21\/revisions\/52"}],"wp:attachment":[{"href":"https:\/\/portal.corten.org\/index.php?rest_route=%2Fwp%2Fv2%2Fmedia&parent=21"}],"curies":[{"name":"wp","href":"https:\/\/api.w.org\/{rel}","templated":true}]}}